{"id":8754,"date":"2024-11-04T14:46:35","date_gmt":"2024-11-04T12:46:35","guid":{"rendered":"https:\/\/policolor.ro\/?post_type=product&#038;p=8754"},"modified":"2025-07-31T15:19:14","modified_gmt":"2025-07-31T13:19:14","slug":"spirit-efect-modena","status":"publish","type":"product","link":"https:\/\/policolor.ro\/en\/produse\/spirit-efect-modena\/","title":{"rendered":"Spirit Effect MODENA"},"content":{"rendered":"&#8211; Produsul este disponibil \u00een culorile de baz\u0103 argintiu, auriu \u015fi se poate nuan\u0163a computerizat conform paletei de culori ale produc\u0103torului; <br\/>\r\n&#8211; Acoperire decorativ\u0103 de \u00eenalt\u0103 calitate care creeaz\u0103 o atmosfer\u0103 unic\u0103 \u0219i elegant\u0103;<br\/>\r\n&#8211; Extrem de u\u0219or de aplicat \u00eentr-un singur strat;<br\/>\r\n&#8211; Rezistent la spalare si usor de curatat;<br\/>\r\n&#8211; Acoperire excelent\u0103;<br\/>\r\n&#8211; Rezisten\u0163\u0103 mare la uzur\u0103.","protected":false},"excerpt":{"rendered":"SPIRIT EFFECT MODENA este o vopsea decorativ\u0103 de \u00eenalt\u0103 calitate, pe baz\u0103 de dispersii apoase, pigmen\u021bi perla\u021bi fini \u0219i nisip cuar\u021bos special, potrivit pentru ob\u021binerea diferitelor efecte perlate pe suprafetele interiore.","protected":false},"featured_media":8759,"comment_status":"open","ping_status":"closed","template":"","meta":[],"product_brand":[],"product_cat":[2652,21,16],"product_tag":[],"class_list":{"0":"post-8754","1":"product","2":"type-product","3":"status-publish","4":"has-post-thumbnail","6":"product_cat-spirit","7":"product_cat-casa","8":"product_cat-produse","9":"pa_destinatie-interior","10":"pa_forma-de-ambalare-1-l","11":"pa_forma-de-ambalare-2-5-l","12":"pa_metode-de-aplicare-pensula","13":"pa_numar-de-straturi-1-2","14":"pa_potrivit-pentru-suprafata-beton","15":"pa_potrivit-pentru-suprafata-gipscarton","16":"pa_potrivit-pentru-suprafata-tencuieli-pe-baza-de-var-ciment-si-var","17":"pa_putere-de-acoperire-8-mp-l-strat","18":"pa_timp-de-uscare-timp-de-uscare-completa-24-ore-23--2c","19":"pa_timp-de-uscare-timp-uscare-la-suprafata-2-ore-la-23--2c","20":"pa_tip_fatada-interior","22":"first","23":"outofstock","24":"taxable","25":"shipping-taxable","26":"product-type-variable"},"_links":{"self":[{"href":"https:\/\/policolor.ro\/en\/wp-json\/wp\/v2\/product\/8754","targetHints":{"allow":["GET"]}}],"collection":[{"href":"https:\/\/policolor.ro\/en\/wp-json\/wp\/v2\/product"}],"about":[{"href":"https:\/\/policolor.ro\/en\/wp-json\/wp\/v2\/types\/product"}],"replies":[{"embeddable":true,"href":"https:\/\/policolor.ro\/en\/wp-json\/wp\/v2\/comments?post=8754"}],"wp:featuredmedia":[{"embeddable":true,"href":"https:\/\/policolor.ro\/en\/wp-json\/wp\/v2\/media\/8759"}],"wp:attachment":[{"href":"https:\/\/policolor.ro\/en\/wp-json\/wp\/v2\/media?parent=8754"}],"wp:term":[{"taxonomy":"product_brand","embeddable":true,"href":"https:\/\/policolor.ro\/en\/wp-json\/wp\/v2\/product_brand?post=8754"},{"taxonomy":"product_cat","embeddable":true,"href":"https:\/\/policolor.ro\/en\/wp-json\/wp\/v2\/product_cat?post=8754"},{"taxonomy":"product_tag","embeddable":true,"href":"https:\/\/policolor.ro\/en\/wp-json\/wp\/v2\/product_tag?post=8754"}],"curies":[{"name":"wp","href":"https:\/\/api.w.org\/{rel}","templated":true}]}}