{"id":8746,"date":"2024-11-04T14:31:56","date_gmt":"2024-11-04T12:31:56","guid":{"rendered":"https:\/\/policolor.ro\/?post_type=product&#038;p=8746"},"modified":"2025-07-31T15:24:36","modified_gmt":"2025-07-31T13:24:36","slug":"spirit-efect-siena","status":"publish","type":"product","link":"https:\/\/policolor.ro\/en\/produse\/spirit-efect-siena\/","title":{"rendered":"Spirit Effect SIENA"},"content":{"rendered":"&#8211; Produsul este disponibil \u00een culoarea de baz\u0103 argintiu-alb\u0103 \u015fi se poate nuan\u0163a computerizat conform mostrelor de culori disponibile;<br\/>\r\n&#8211; Extrem de u\u015for de aplicat;<br\/>\r\n&#8211; Creeaz\u0103 un efect metalic pe perete;<br\/>\r\n&#8211; Produs dup\u0103 o tehnologie italian\u0103;<br\/>\r\n&#8211; U\u015for de cur\u0103\u0163at;<br\/>\r\n&#8211; Acoperire foarte bun\u0103;<br\/>\r\n&#8211; Uscare rapid\u0103;<br\/>","protected":false},"excerpt":{"rendered":"SPIRIT EFFECT SIENA este o vopsea decorativ\u0103 pentru interior de \u00eenalt\u0103 calitate, pe baz\u0103 de dispersie apoase, cu con\u0163inut de pigmen\u0163i fini perlati \u015fi aditivi speciali. Datorit\u0103 ingredientelor speciale, prin aplicarea produsului se confer\u0103 un aspect str\u0103lucitor, perlat cu efect metallic deosebit, folosind tehnici creative de aplicare.","protected":false},"featured_media":8750,"comment_status":"open","ping_status":"closed","template":"","meta":[],"product_brand":[],"product_cat":[2652,21,16],"product_tag":[],"class_list":{"0":"post-8746","1":"product","2":"type-product","3":"status-publish","4":"has-post-thumbnail","6":"product_cat-spirit","7":"product_cat-casa","8":"product_cat-produse","9":"pa_destinatie-interior","10":"pa_forma-de-ambalare-1-l","11":"pa_forma-de-ambalare-2-5-l","12":"pa_metode-de-aplicare-pensula","13":"pa_numar-de-straturi-1-2","14":"pa_potrivit-pentru-suprafata-beton","15":"pa_potrivit-pentru-suprafata-gipscarton","16":"pa_potrivit-pentru-suprafata-tencuieli-pe-baza-de-var-ciment-si-var","17":"pa_potrivit-pentru-suprafata-suprafete-vopsite-in-prealabil-cu-vopsele-pe-baza-de-latex","18":"pa_putere-de-acoperire-9-10-m2-litru-strat","19":"pa_timp-de-uscare-timp-de-uscare-completa-24-ore-23--2c","20":"pa_timp-de-uscare-timp-uscare-la-suprafata-2-ore-la-23--2c","21":"pa_tip_fatada-interior","23":"first","24":"outofstock","25":"taxable","26":"shipping-taxable","27":"product-type-variable"},"_links":{"self":[{"href":"https:\/\/policolor.ro\/en\/wp-json\/wp\/v2\/product\/8746","targetHints":{"allow":["GET"]}}],"collection":[{"href":"https:\/\/policolor.ro\/en\/wp-json\/wp\/v2\/product"}],"about":[{"href":"https:\/\/policolor.ro\/en\/wp-json\/wp\/v2\/types\/product"}],"replies":[{"embeddable":true,"href":"https:\/\/policolor.ro\/en\/wp-json\/wp\/v2\/comments?post=8746"}],"wp:featuredmedia":[{"embeddable":true,"href":"https:\/\/policolor.ro\/en\/wp-json\/wp\/v2\/media\/8750"}],"wp:attachment":[{"href":"https:\/\/policolor.ro\/en\/wp-json\/wp\/v2\/media?parent=8746"}],"wp:term":[{"taxonomy":"product_brand","embeddable":true,"href":"https:\/\/policolor.ro\/en\/wp-json\/wp\/v2\/product_brand?post=8746"},{"taxonomy":"product_cat","embeddable":true,"href":"https:\/\/policolor.ro\/en\/wp-json\/wp\/v2\/product_cat?post=8746"},{"taxonomy":"product_tag","embeddable":true,"href":"https:\/\/policolor.ro\/en\/wp-json\/wp\/v2\/product_tag?post=8746"}],"curies":[{"name":"wp","href":"https:\/\/api.w.org\/{rel}","templated":true}]}}