{"id":8739,"date":"2024-11-04T13:52:49","date_gmt":"2024-11-04T11:52:49","guid":{"rendered":"https:\/\/policolor.ro\/?post_type=product&#038;p=8739"},"modified":"2025-08-11T16:02:59","modified_gmt":"2025-08-11T14:02:59","slug":"spirit-efect-verona","status":"publish","type":"product","link":"https:\/\/policolor.ro\/en\/produse\/spirit-efect-verona\/","title":{"rendered":"Spirit Effect VERONA"},"content":{"rendered":"&#8211; Produsul este disponibil \u00een culoarea gri \u0219i se poate nuan\u021ba computerizat conform mostrelor de culori ale produc\u0103torului;<br\/>\r\n&#8211; Extrem de u\u0219or de aplicat;<br\/>\r\n&#8211; Creeaz\u0103 un aspect str\u0103lucitor perlat;<br\/>\r\n&#8211; U\u0219or de men\u021binut \u0219i cur\u0103\u021bat;<br\/>\r\n&#8211; Acoperire foarte bun\u0103;<br\/>\r\n&#8211; Uscare rapid\u0103;<br\/>\r\n&#8211; Aderen\u021b\u0103 foarte bun\u0103 la stratul suport;<br\/>","protected":false},"excerpt":{"rendered":"SPIRIT EFFECT VERONA este o vopsea decorativ\u0103 pentru interior de \u00eenalt\u0103 calitate, pe baz\u0103 de dispersii apoase, cu con\u0163inut de pigmen\u0163i fini perla\u0163i \u015fi aditivi speciali. Datorita ingredientelor sale speciale, produsul formeaz\u0103 o pelicul\u0103 sidefat\u0103 str\u0103lucitoare ce ofer\u0103 un aspect metalic suprafe\u021bei.","protected":false},"featured_media":8740,"comment_status":"open","ping_status":"closed","template":"","meta":[],"product_brand":[],"product_cat":[2652,21,16],"product_tag":[],"class_list":{"0":"post-8739","1":"product","2":"type-product","3":"status-publish","4":"has-post-thumbnail","6":"product_cat-spirit","7":"product_cat-casa","8":"product_cat-produse","9":"pa_consum-644","10":"pa_destinatie-interior","11":"pa_forma-de-ambalare-1-l","12":"pa_forma-de-ambalare-2-5-l","13":"pa_metode-de-aplicare-pensula","14":"pa_metode-de-aplicare-trafalet","15":"pa_numar-de-straturi-197","16":"pa_potrivit-pentru-suprafata-beton","17":"pa_potrivit-pentru-suprafata-gipscarton","18":"pa_potrivit-pentru-suprafata-tencuieli-pe-baza-de-var-ciment-si-var","19":"pa_putere-de-acoperire-14-15-m2-litru-strat","20":"pa_timp-de-uscare-timp-de-uscare-completa-24-ore-23--2c","21":"pa_timp-de-uscare-timp-uscare-pentru-reacoperire-6-ore-23--2c","22":"pa_tip_fatada-interior","24":"first","25":"outofstock","26":"taxable","27":"shipping-taxable","28":"product-type-variable"},"_links":{"self":[{"href":"https:\/\/policolor.ro\/en\/wp-json\/wp\/v2\/product\/8739","targetHints":{"allow":["GET"]}}],"collection":[{"href":"https:\/\/policolor.ro\/en\/wp-json\/wp\/v2\/product"}],"about":[{"href":"https:\/\/policolor.ro\/en\/wp-json\/wp\/v2\/types\/product"}],"replies":[{"embeddable":true,"href":"https:\/\/policolor.ro\/en\/wp-json\/wp\/v2\/comments?post=8739"}],"wp:featuredmedia":[{"embeddable":true,"href":"https:\/\/policolor.ro\/en\/wp-json\/wp\/v2\/media\/8740"}],"wp:attachment":[{"href":"https:\/\/policolor.ro\/en\/wp-json\/wp\/v2\/media?parent=8739"}],"wp:term":[{"taxonomy":"product_brand","embeddable":true,"href":"https:\/\/policolor.ro\/en\/wp-json\/wp\/v2\/product_brand?post=8739"},{"taxonomy":"product_cat","embeddable":true,"href":"https:\/\/policolor.ro\/en\/wp-json\/wp\/v2\/product_cat?post=8739"},{"taxonomy":"product_tag","embeddable":true,"href":"https:\/\/policolor.ro\/en\/wp-json\/wp\/v2\/product_tag?post=8739"}],"curies":[{"name":"wp","href":"https:\/\/api.w.org\/{rel}","templated":true}]}}