{"id":7638,"date":"2022-08-01T14:42:20","date_gmt":"2022-08-01T12:42:20","guid":{"rendered":"https:\/\/policolor.ro\/produse\/deko-g8500-white-interior-primer\/"},"modified":"2022-08-01T14:42:20","modified_gmt":"2022-08-01T12:42:20","slug":"deko-g8500-white-interior-primer","status":"publish","type":"product","link":"https:\/\/policolor.ro\/en\/produse\/deko-g8500-white-interior-primer\/","title":{"rendered":"DEKO G8500 white interior primer"},"content":{"rendered":"&#8211; 2 in 1 product \u2013 primer and white paint;<br>\n&#8211; Create a white background;<br>\n&#8211; Permeable to water vapor;<br>\n&#8211; Eliminates the need to apply 2 coats of washable interior paint.","protected":false},"excerpt":{"rendered":"Grund premium pe baz\u0103 de ap\u0103 pentru vopsea lavabil\u0103 (produs 2 \u00een 1 grund \u015fi vopsea alb\u0103) folosit pentru vopsire f\u0103ra grunduire pentru pere\u0163ii interiori \u015fi tavane, vechi sau noi.","protected":false},"featured_media":6540,"comment_status":"open","ping_status":"closed","template":"","meta":[],"product_brand":[],"product_cat":[1505,1471,1512],"product_tag":[],"class_list":{"0":"post-7638","1":"product","2":"type-product","3":"status-publish","4":"has-post-thumbnail","6":"product_cat-construction","7":"product_cat-policolor-products","8":"product_cat-primers","9":"pa_aplicare-average-relative-humidity-maximum-75","10":"pa_aplicare-average-temperature-between-12-and-30-c","11":"pa_aplicare-product-temperature-between-15-and-30-c","12":"pa_aplicare-support-temperature-between-12-and-30-c","13":"pa_consum-15-en","14":"pa_destinatie-interior-en","15":"pa_forma-de-ambalare-15-l-en","16":"pa_metode-de-aplicare-brush","17":"pa_metode-de-aplicare-roll","18":"pa_metode-de-aplicare-spraying","19":"pa_numar-de-straturi-1-en","20":"pa_potrivit-pentru-suprafata-asbestos","21":"pa_potrivit-pentru-suprafata-bca-en","22":"pa_potrivit-pentru-suprafata-concrete","23":"pa_potrivit-pentru-suprafata-lime-and-plaster-mortars","24":"pa_potrivit-pentru-suprafata-ordinary-brickwork","25":"pa_potrivit-pentru-suprafata-plasterboard-boards","26":"pa_potrivit-pentru-suprafata-usual-lime-cement-plasters","27":"pa_putere-de-acoperire-15-m-l-en","28":"pa_timp-de-uscare-on-the-surface-30-minutes-for-recoating-2-4-hours-at-23-c","29":"pa_tip_fatada-interior-en","31":"first","32":"outofstock","33":"taxable","34":"shipping-taxable","35":"purchasable","36":"product-type-variable"},"_links":{"self":[{"href":"https:\/\/policolor.ro\/en\/wp-json\/wp\/v2\/product\/7638","targetHints":{"allow":["GET"]}}],"collection":[{"href":"https:\/\/policolor.ro\/en\/wp-json\/wp\/v2\/product"}],"about":[{"href":"https:\/\/policolor.ro\/en\/wp-json\/wp\/v2\/types\/product"}],"replies":[{"embeddable":true,"href":"https:\/\/policolor.ro\/en\/wp-json\/wp\/v2\/comments?post=7638"}],"wp:featuredmedia":[{"embeddable":true,"href":"https:\/\/policolor.ro\/en\/wp-json\/wp\/v2\/media\/6540"}],"wp:attachment":[{"href":"https:\/\/policolor.ro\/en\/wp-json\/wp\/v2\/media?parent=7638"}],"wp:term":[{"taxonomy":"product_brand","embeddable":true,"href":"https:\/\/policolor.ro\/en\/wp-json\/wp\/v2\/product_brand?post=7638"},{"taxonomy":"product_cat","embeddable":true,"href":"https:\/\/policolor.ro\/en\/wp-json\/wp\/v2\/product_cat?post=7638"},{"taxonomy":"product_tag","embeddable":true,"href":"https:\/\/policolor.ro\/en\/wp-json\/wp\/v2\/product_tag?post=7638"}],"curies":[{"name":"wp","href":"https:\/\/api.w.org\/{rel}","templated":true}]}}