{"id":7430,"date":"2022-12-10T17:10:56","date_gmt":"2022-12-10T15:10:56","guid":{"rendered":"https:\/\/policolor.ro\/produse\/deko-intaritor-deko-hardener-for-two-component-paint-road-markingvopsea-bicomponenta-marcare-rutiera\/"},"modified":"2023-12-20T15:06:14","modified_gmt":"2023-12-20T13:06:14","slug":"deko-intaritor-deko-hardener-for-two-component-paint-road-markingvopsea-bicomponenta-marcare-rutiera","status":"publish","type":"product","link":"https:\/\/policolor.ro\/en\/produse\/deko-intaritor-deko-hardener-for-two-component-paint-road-markingvopsea-bicomponenta-marcare-rutiera\/","title":{"rendered":"DEKO \u00eent\u0103ritor DEKO hardener for two-component paint &#8211; Road markingvopsea bicomponent\u0103 &#8211; Marcare Rutier\u0103"},"content":{"rendered":"&#8211; Forms a system with the product &#8220;DEKO two-component paint for Road Marking&#8221; in a ratio of 98 to 2.","protected":false},"excerpt":{"rendered":"It is a hardener used for two-component paint &#8211; Road Marking.","protected":false},"featured_media":7045,"comment_status":"open","ping_status":"closed","template":"","meta":[],"product_brand":[],"product_cat":[1505,1471,1629],"product_tag":[],"class_list":{"0":"post-7430","1":"product","2":"type-product","3":"status-publish","4":"has-post-thumbnail","6":"product_cat-construction","7":"product_cat-policolor-products","8":"product_cat-road-marking","9":"pa_destinatie-exterior-en","10":"pa_forma-de-ambalare-036-kg-en","12":"first","13":"outofstock","14":"taxable","15":"shipping-taxable","16":"purchasable","17":"product-type-variable"},"_links":{"self":[{"href":"https:\/\/policolor.ro\/en\/wp-json\/wp\/v2\/product\/7430","targetHints":{"allow":["GET"]}}],"collection":[{"href":"https:\/\/policolor.ro\/en\/wp-json\/wp\/v2\/product"}],"about":[{"href":"https:\/\/policolor.ro\/en\/wp-json\/wp\/v2\/types\/product"}],"replies":[{"embeddable":true,"href":"https:\/\/policolor.ro\/en\/wp-json\/wp\/v2\/comments?post=7430"}],"wp:featuredmedia":[{"embeddable":true,"href":"https:\/\/policolor.ro\/en\/wp-json\/wp\/v2\/media\/7045"}],"wp:attachment":[{"href":"https:\/\/policolor.ro\/en\/wp-json\/wp\/v2\/media?parent=7430"}],"wp:term":[{"taxonomy":"product_brand","embeddable":true,"href":"https:\/\/policolor.ro\/en\/wp-json\/wp\/v2\/product_brand?post=7430"},{"taxonomy":"product_cat","embeddable":true,"href":"https:\/\/policolor.ro\/en\/wp-json\/wp\/v2\/product_cat?post=7430"},{"taxonomy":"product_tag","embeddable":true,"href":"https:\/\/policolor.ro\/en\/wp-json\/wp\/v2\/product_tag?post=7430"}],"curies":[{"name":"wp","href":"https:\/\/api.w.org\/{rel}","templated":true}]}}