{"id":10016,"date":"2026-05-04T10:00:08","date_gmt":"2026-05-04T08:00:08","guid":{"rendered":"https:\/\/policolor.ro\/?post_type=product&#038;p=10016"},"modified":"2026-05-04T12:49:20","modified_gmt":"2026-05-04T10:49:20","slug":"deko-home-grund-pentru-tencuiala","status":"publish","type":"product","link":"https:\/\/policolor.ro\/en\/produse\/deko-home-grund-pentru-tencuiala\/","title":{"rendered":"DEKO Home G8100 grund pentru tencuial\u0103"},"content":{"rendered":"&#8211; Cre\u015fte aderen\u0163a \u00eentre suport \u015fi tencuial\u0103;<br>\r\n&#8211; U\u015fureaz\u0103 aplicarea de tencuial\u0103;<br>\r\n&#8211; Rezisten\u0163\u0103 crescut\u0103 la ap\u0103;<br>\r\n&#8211; Se coloreaz\u0103 la sistemul Policolor ArtCOLOR \u00een 180 de nuan\u021be.    \r\n\r\n","protected":false},"excerpt":{"rendered":"Este un grund baz\u0103 colorare pentru tencuial\u0103, ce se aplic\u0103 pe suport \u00eenaintea tencuielilor decorative, pentru a crea o baz\u0103 colorat\u0103 aderent\u0103. ","protected":false},"featured_media":10019,"comment_status":"open","ping_status":"closed","template":"","meta":[],"product_brand":[],"product_cat":[2675,21,16],"product_tag":[],"class_list":{"0":"post-10016","1":"product","2":"type-product","3":"status-publish","4":"has-post-thumbnail","6":"product_cat-deko-home","7":"product_cat-casa","8":"product_cat-produse","9":"pa_aplicare-temperatura-mediu-intre-12-si-30-c","10":"pa_aplicare-temperatura-produs-intre-15-si-30-c","11":"pa_aplicare-temperatura-suport-intre-12-si-30-c","12":"pa_aplicare-umiditate-relativa-mediu-maxim-75","13":"pa_consum-661","14":"pa_destinatie-exterior","15":"pa_destinatie-interior","16":"pa_forma-de-ambalare-4-l","17":"pa_forma-de-ambalare-25-kg","18":"pa_metode-de-aplicare-pensula-2","19":"pa_metode-de-aplicare-trafalet","20":"pa_numar-de-straturi-196","21":"pa_potrivit-pentru-suprafata-beton","22":"pa_potrivit-pentru-suprafata-ipsos","23":"pa_potrivit-pentru-suprafata-sisteme-termoizolante","24":"pa_potrivit-pentru-suprafata-tencuieli-minerale","25":"pa_putere-de-acoperire-7-9-m-l-strat","26":"pa_timp-de-uscare-4-ore-la-20c","27":"pa_tip_fatada-exterior","28":"pa_tip_fatada-interior","30":"first","31":"outofstock","32":"taxable","33":"shipping-taxable","34":"purchasable","35":"product-type-variable"},"_links":{"self":[{"href":"https:\/\/policolor.ro\/en\/wp-json\/wp\/v2\/product\/10016","targetHints":{"allow":["GET"]}}],"collection":[{"href":"https:\/\/policolor.ro\/en\/wp-json\/wp\/v2\/product"}],"about":[{"href":"https:\/\/policolor.ro\/en\/wp-json\/wp\/v2\/types\/product"}],"replies":[{"embeddable":true,"href":"https:\/\/policolor.ro\/en\/wp-json\/wp\/v2\/comments?post=10016"}],"wp:featuredmedia":[{"embeddable":true,"href":"https:\/\/policolor.ro\/en\/wp-json\/wp\/v2\/media\/10019"}],"wp:attachment":[{"href":"https:\/\/policolor.ro\/en\/wp-json\/wp\/v2\/media?parent=10016"}],"wp:term":[{"taxonomy":"product_brand","embeddable":true,"href":"https:\/\/policolor.ro\/en\/wp-json\/wp\/v2\/product_brand?post=10016"},{"taxonomy":"product_cat","embeddable":true,"href":"https:\/\/policolor.ro\/en\/wp-json\/wp\/v2\/product_cat?post=10016"},{"taxonomy":"product_tag","embeddable":true,"href":"https:\/\/policolor.ro\/en\/wp-json\/wp\/v2\/product_tag?post=10016"}],"curies":[{"name":"wp","href":"https:\/\/api.w.org\/{rel}","templated":true}]}}