{"id":10006,"date":"2026-05-04T08:58:59","date_gmt":"2026-05-04T06:58:59","guid":{"rendered":"https:\/\/policolor.ro\/?post_type=product&#038;p=10006"},"modified":"2026-05-04T12:49:14","modified_gmt":"2026-05-04T10:49:14","slug":"dekohome_t8100_tencuiala_cu_silicon","status":"publish","type":"product","link":"https:\/\/policolor.ro\/en\/produse\/dekohome_t8100_tencuiala_cu_silicon\/","title":{"rendered":"DEKO Home T8100 tencuial\u0103 cu Silicon VINAROM"},"content":{"rendered":"&#8211; Rezisten\u021b\u0103 la intemperii, radia\u0163ii solare, varia\u021bii de temperatur\u0103, umiditate;<br>\r\n&#8211; Rezisten\u021b\u0103 la umiditate- respinge apa;<br>\r\n&#8211; Rezisten\u021b\u0103 la fisuri datorit\u0103 fibrelor de armare;<br>\r\n&#8211; Elesticitate crescut\u0103;<br>\r\n&#8211; Permite peretelui s\u0103 respire;<br>\r\n&#8211; Aplicare usoar\u0103, aderen\u021b\u0103 foarte bun\u0103 la suport;<br>\r\n&#8211; Se coloreaz\u0103 la sistemul Policolor ArtCOLOR \u00een 180 de nuan\u021be;<br>\r\n&#8211; Disponibilitate de texturi \u0219i granula\u0163ii: F15 si R15. \r\n\r\n\r\n\r\n\r\n\r\n","protected":false},"excerpt":{"rendered":"Este o tencuial\u0103 siliconic\u0103, disponibil\u0103 ca baz\u0103 de colorare Pastel (alb\u0103) \u0219i Transparent\u0103. Este destinat\u0103 construc\u021biilor civile \u0219i industriale, av\u00e2nd o rezisten\u0163\u0103 bun\u0103 la factorii de mediu externi, ce se aplic\u0103 u\u015for \u015fi are o durabilitate crescut\u0103.  ","protected":false},"featured_media":10009,"comment_status":"open","ping_status":"closed","template":"","meta":[],"product_brand":[],"product_cat":[2675,21,16],"product_tag":[],"class_list":{"0":"post-10006","1":"product","2":"type-product","3":"status-publish","4":"has-post-thumbnail","6":"product_cat-deko-home","7":"product_cat-casa","8":"product_cat-produse","9":"pa_aplicare-temperatura-mediu-intre-12-si-20-c","10":"pa_aplicare-temperatura-produs-intre-15-si-30-c","11":"pa_aplicare-temperatura-suport-intre-12-si-30-c","12":"pa_aplicare-umiditate-relativa-mediu-maxim-75","13":"pa_destinatie-exterior","14":"pa_destinatie-interior","15":"pa_forma-de-ambalare-25-kg","16":"pa_granulatie-f15","17":"pa_granulatie-r15","18":"pa_metode-de-aplicare-la-aproximativ-10-15-minute-dupa-aplicarea-tencuielii-structura-in-relief-poate-fi-formata-cu-o-gletiera-din-plastic","19":"pa_metode-de-aplicare-tencuiala-se-aplica-intr-un-strat-uniform-cu-ajutorul-unei-gletiere-netede-din-otel-inoxidabil-tinuta-la-un-unghi-de-45-fata-de-suprafata-de-lucru","20":"pa_numar-de-straturi-196","21":"pa_potrivit-pentru-suprafata-beton","22":"pa_potrivit-pentru-suprafata-placi-de-gips-carton","23":"pa_potrivit-pentru-suprafata-placi-din-ipsos-armat-cu-fibre-celulozice","24":"pa_potrivit-pentru-suprafata-sisteme-termoizolante","25":"pa_potrivit-pentru-suprafata-tencuieli-minerale","26":"pa_potrivit-pentru-suprafata-tencuieli-pe-baza-de-ciment","27":"pa_putere-de-acoperire-granulatie-f-15-25-3-kg-m2-granulatie-r-15-23-28-kg-m2","28":"pa_timp-de-uscare-la-atingere-3-ore-totala-3-zile-la-23-c","29":"pa_tip_fatada-exterior","30":"pa_tip_fatada-interior","31":"pa_tip-suport-constructii-civile-si-industriale-din-tencuieli-minerale-beton-gleturi-compozite-pe-baza-de-ciment-termosistem-sau-alte-tipuri-de-suprafete","33":"first","34":"outofstock","35":"taxable","36":"shipping-taxable","37":"purchasable","38":"product-type-variable"},"_links":{"self":[{"href":"https:\/\/policolor.ro\/en\/wp-json\/wp\/v2\/product\/10006","targetHints":{"allow":["GET"]}}],"collection":[{"href":"https:\/\/policolor.ro\/en\/wp-json\/wp\/v2\/product"}],"about":[{"href":"https:\/\/policolor.ro\/en\/wp-json\/wp\/v2\/types\/product"}],"replies":[{"embeddable":true,"href":"https:\/\/policolor.ro\/en\/wp-json\/wp\/v2\/comments?post=10006"}],"wp:featuredmedia":[{"embeddable":true,"href":"https:\/\/policolor.ro\/en\/wp-json\/wp\/v2\/media\/10009"}],"wp:attachment":[{"href":"https:\/\/policolor.ro\/en\/wp-json\/wp\/v2\/media?parent=10006"}],"wp:term":[{"taxonomy":"product_brand","embeddable":true,"href":"https:\/\/policolor.ro\/en\/wp-json\/wp\/v2\/product_brand?post=10006"},{"taxonomy":"product_cat","embeddable":true,"href":"https:\/\/policolor.ro\/en\/wp-json\/wp\/v2\/product_cat?post=10006"},{"taxonomy":"product_tag","embeddable":true,"href":"https:\/\/policolor.ro\/en\/wp-json\/wp\/v2\/product_tag?post=10006"}],"curies":[{"name":"wp","href":"https:\/\/api.w.org\/{rel}","templated":true}]}}